{"id":472,"date":"2019-09-08T18:29:13","date_gmt":"2019-09-08T16:29:13","guid":{"rendered":"https:\/\/mayen-evolene.net\/?page_id=472"},"modified":"2019-09-16T11:28:22","modified_gmt":"2019-09-16T09:28:22","slug":"zugang-adlernest-mayensaess-zu-mietein-in-wallis-ferien-in-alphuette","status":"publish","type":"page","link":"https:\/\/mayen-evolene.net\/de\/zugang-adlernest-mayensaess-zu-mietein-in-wallis-ferien-in-alphuette\/","title":{"rendered":"Zugang"},"content":{"rendered":"<div id=\"wpgmza_map\" class=\"wpgmza_map\" data-settings='{\"id\":\"1\",\"map_title\":\"Nid d\\\\&amp;#039;Aigle\",\"map_width\":\"100\",\"map_height\":\"400\",\"map_start_lat\":\"46.145856\",\"map_start_lng\":\"7.474598\",\"map_start_location\":\"46.14585626866522,7.474597718750018\",\"map_start_zoom\":\"10\",\"default_marker\":\"0\",\"type\":\"1\",\"alignment\":\"1\",\"directions_enabled\":\"1\",\"styling_enabled\":\"0\",\"styling_json\":\"\",\"active\":\"0\",\"kml\":\"\",\"bicycle\":\"0\",\"traffic\":\"0\",\"dbox\":\"1\",\"dbox_width\":\"100\",\"listmarkers\":\"0\",\"listmarkers_advanced\":\"0\",\"filterbycat\":\"0\",\"ugm_enabled\":\"0\",\"ugm_category_enabled\":\"0\",\"fusion\":\"\",\"map_width_type\":\"\\\\%\",\"map_height_type\":\"px\",\"mass_marker_support\":\"1\",\"ugm_access\":\"0\",\"order_markers_by\":\"1\",\"order_markers_choice\":\"2\",\"show_user_location\":\"0\",\"default_to\":\"\",\"other_settings\":{\"store_locator_enabled\":2,\"store_locator_distance\":2,\"store_locator_default_radius\":\"10\",\"store_locator_not_found_message\":\"No results found in this location. Please try again.\",\"store_locator_bounce\":1,\"store_locator_query_string\":\"Code Postal \\\/ Adresse\",\"store_locator_default_address\":\"\",\"wpgmza_store_locator_restrict\":\"\",\"map_max_zoom\":\"1\",\"transport_layer\":0,\"wpgmza_theme_data\":\"\",\"wpgmza_show_points_of_interest\":1,\"bicycle\":\"0\",\"traffic\":\"0\"}}' data-map-id='1' Data-maps-engine='' data-shortcode-attributes='{\"id\":\"1\"}' style=\"display:block; overflow:auto; width:100%; height:400px; float:left;\"><\/div>\n<p>Evol\u00e8ne liegt in ca. 25 km Entfernung von Sitten (franz\u00f6sisch \u00abSion\u00bb, Hauptort des Kantons Wallis) im Herzen des Val d\u2019H\u00e9rens. Wenn Sie im Auto anreisen, so nehmen Sie, egal ob von Lausanne oder Brig her kommend, die Autobahnabfahrt \u00abSion-Est\u00bb und folgen anschliessend den Wegweisern Richtung \u00abVal d\u2019H\u00e9rens\u00bb. Angekommen im Dorf Vex biegen Sie an der Hauptkreuzung des Ortes links ab (aufgrund der Strassenf\u00fchrung fahren Sie de facto geradeaus) und folgen der gut ausgebauten Strasse bis nach Evol\u00e8ne.<br \/>\nVor dem Dorfeingang, nehmen Sie die Umgehungsstra\u00dfe Richtung Les Haud\u00e8res. Nach 50 M, fahren Sie nach links (Les Flantzes). Nehmen Sie diese Strasse (Asphalt 1km, dann Erde). Dieser Stra\u00dfe bis zum Ende folgen (10 Minuten). Da gibt es Parkpl\u00e4tze. (Fourcla). Lassen Sie Ihr Auto hier. Das Chalet befindet sich 100 M h\u00f6her, auf dem Weg bis zum Pas de Lona.<\/p>\n<p>Chalet Nid d&#8217;Aigle<br \/>\nRoute de Volovron 154<br \/>\nCH-1983 Evol\u00e8ne<br \/>\nBreitengrad : 46.131434 | L\u00e4ngengrad : 7.484221<\/p>\n","protected":false},"excerpt":{"rendered":"<p>Evol\u00e8ne liegt in ca. 25 km Entfernung von Sitten (franz\u00f6sisch \u00abSion\u00bb, Hauptort des Kantons Wallis) im Herzen des Val d\u2019H\u00e9rens. Wenn Sie im Auto anreisen, so nehmen Sie, egal ob von Lausanne oder Brig her kommend, die Autobahnabfahrt \u00abSion-Est\u00bb und&#8230; <\/p>\n","protected":false},"author":1,"featured_media":426,"parent":0,"menu_order":0,"comment_status":"closed","ping_status":"closed","template":"","meta":{"footnotes":""},"class_list":["post-472","page","type-page","status-publish","has-post-thumbnail","hentry"],"yoast_head":"<!-- This site is optimized with the Yoast SEO plugin v27.3 - https:\/\/yoast.com\/product\/yoast-seo-wordpress\/ -->\n<title>Zugang | Adlernest | Mayens\u00e4ss zu mietein in Wallis | Ferien in Alph\u00fctte<\/title>\n<meta name=\"description\" content=\"Ihre Ferien in einem authentischen Maiens\u00e4ss | Alph\u00fctte im Jahre 1911 gebaut. Heimkehr und Heilung mit Blick auf eine der sch\u00f6nsten Aussicht in die Alpen.\" \/>\n<meta name=\"robots\" content=\"index, follow, max-snippet:-1, max-image-preview:large, max-video-preview:-1\" \/>\n<link rel=\"canonical\" href=\"https:\/\/mayen-evolene.net\/de\/zugang-adlernest-mayensaess-zu-mietein-in-wallis-ferien-in-alphuette\/\" \/>\n<meta property=\"og:locale\" content=\"de_DE\" \/>\n<meta property=\"og:type\" content=\"article\" \/>\n<meta property=\"og:title\" content=\"Zugang | Adlernest | Mayens\u00e4ss zu mietein in Wallis | Ferien in Alph\u00fctte\" \/>\n<meta property=\"og:description\" content=\"Ihre Ferien in einem authentischen Maiens\u00e4ss | Alph\u00fctte im Jahre 1911 gebaut. Heimkehr und Heilung mit Blick auf eine der sch\u00f6nsten Aussicht in die Alpen.\" \/>\n<meta property=\"og:url\" content=\"https:\/\/mayen-evolene.net\/de\/zugang-adlernest-mayensaess-zu-mietein-in-wallis-ferien-in-alphuette\/\" \/>\n<meta property=\"og:site_name\" content=\"Chalet Nid dAigle \u00a6 Mayen \u00e0 louer en Valais \u00a6 Mazot Evol\u00e8ne H\u00e9rens Suisse\" \/>\n<meta property=\"article:modified_time\" content=\"2019-09-16T09:28:22+00:00\" \/>\n<meta property=\"og:image\" content=\"https:\/\/mayen-evolene.net\/wp-content\/uploads\/2019\/09\/Chalet_Nid_d_Aigle_Volovron_le_peyo-1024x251.jpg\" \/>\n\t<meta property=\"og:image:width\" content=\"1024\" \/>\n\t<meta property=\"og:image:height\" content=\"251\" \/>\n\t<meta property=\"og:image:type\" content=\"image\/jpeg\" \/>\n<meta name=\"twitter:card\" content=\"summary_large_image\" \/>\n<meta name=\"twitter:label1\" content=\"Gesch\u00e4tzte Lesezeit\" \/>\n\t<meta name=\"twitter:data1\" content=\"1\u00a0Minute\" \/>\n<script type=\"application\/ld+json\" class=\"yoast-schema-graph\">{\"@context\":\"https:\\\/\\\/schema.org\",\"@graph\":[{\"@type\":\"WebPage\",\"@id\":\"https:\\\/\\\/mayen-evolene.net\\\/de\\\/zugang-adlernest-mayensaess-zu-mietein-in-wallis-ferien-in-alphuette\\\/\",\"url\":\"https:\\\/\\\/mayen-evolene.net\\\/de\\\/zugang-adlernest-mayensaess-zu-mietein-in-wallis-ferien-in-alphuette\\\/\",\"name\":\"Zugang | Adlernest | Mayens\u00e4ss zu mietein in Wallis | Ferien in Alph\u00fctte\",\"isPartOf\":{\"@id\":\"https:\\\/\\\/mayen-evolene.net\\\/de\\\/#website\"},\"primaryImageOfPage\":{\"@id\":\"https:\\\/\\\/mayen-evolene.net\\\/de\\\/zugang-adlernest-mayensaess-zu-mietein-in-wallis-ferien-in-alphuette\\\/#primaryimage\"},\"image\":{\"@id\":\"https:\\\/\\\/mayen-evolene.net\\\/de\\\/zugang-adlernest-mayensaess-zu-mietein-in-wallis-ferien-in-alphuette\\\/#primaryimage\"},\"thumbnailUrl\":\"https:\\\/\\\/mayen-evolene.net\\\/wp-content\\\/uploads\\\/2019\\\/09\\\/Chalet_Nid_d_Aigle_Volovron_le_peyo.jpg\",\"datePublished\":\"2019-09-08T16:29:13+00:00\",\"dateModified\":\"2019-09-16T09:28:22+00:00\",\"description\":\"Ihre Ferien in einem authentischen Maiens\u00e4ss | Alph\u00fctte im Jahre 1911 gebaut. Heimkehr und Heilung mit Blick auf eine der sch\u00f6nsten Aussicht in die Alpen.\",\"breadcrumb\":{\"@id\":\"https:\\\/\\\/mayen-evolene.net\\\/de\\\/zugang-adlernest-mayensaess-zu-mietein-in-wallis-ferien-in-alphuette\\\/#breadcrumb\"},\"inLanguage\":\"de\",\"potentialAction\":[{\"@type\":\"ReadAction\",\"target\":[\"https:\\\/\\\/mayen-evolene.net\\\/de\\\/zugang-adlernest-mayensaess-zu-mietein-in-wallis-ferien-in-alphuette\\\/\"]}]},{\"@type\":\"ImageObject\",\"inLanguage\":\"de\",\"@id\":\"https:\\\/\\\/mayen-evolene.net\\\/de\\\/zugang-adlernest-mayensaess-zu-mietein-in-wallis-ferien-in-alphuette\\\/#primaryimage\",\"url\":\"https:\\\/\\\/mayen-evolene.net\\\/wp-content\\\/uploads\\\/2019\\\/09\\\/Chalet_Nid_d_Aigle_Volovron_le_peyo.jpg\",\"contentUrl\":\"https:\\\/\\\/mayen-evolene.net\\\/wp-content\\\/uploads\\\/2019\\\/09\\\/Chalet_Nid_d_Aigle_Volovron_le_peyo.jpg\",\"width\":4432,\"height\":1088,\"caption\":\"Hut \\\/ Chalet Eagle\u2019s Nest (Evol\u00e8ne,Valais,Switzerland) - mountain cabin to rent in the swiss Alps\"},{\"@type\":\"BreadcrumbList\",\"@id\":\"https:\\\/\\\/mayen-evolene.net\\\/de\\\/zugang-adlernest-mayensaess-zu-mietein-in-wallis-ferien-in-alphuette\\\/#breadcrumb\",\"itemListElement\":[{\"@type\":\"ListItem\",\"position\":1,\"name\":\"Accueil\",\"item\":\"https:\\\/\\\/mayen-evolene.net\\\/de\\\/\"},{\"@type\":\"ListItem\",\"position\":2,\"name\":\"Zugang\"}]},{\"@type\":\"WebSite\",\"@id\":\"https:\\\/\\\/mayen-evolene.net\\\/de\\\/#website\",\"url\":\"https:\\\/\\\/mayen-evolene.net\\\/de\\\/\",\"name\":\"Chalet Nid dAigle \u00a6 Mayen \u00e0 louer en Valais \u00a6 Mazot Evol\u00e8ne H\u00e9rens Suisse\",\"description\":\"\",\"potentialAction\":[{\"@type\":\"SearchAction\",\"target\":{\"@type\":\"EntryPoint\",\"urlTemplate\":\"https:\\\/\\\/mayen-evolene.net\\\/de\\\/?s={search_term_string}\"},\"query-input\":{\"@type\":\"PropertyValueSpecification\",\"valueRequired\":true,\"valueName\":\"search_term_string\"}}],\"inLanguage\":\"de\"}]}<\/script>\n<!-- \/ Yoast SEO plugin. -->","yoast_head_json":{"title":"Zugang | Adlernest | Mayens\u00e4ss zu mietein in Wallis | Ferien in Alph\u00fctte","description":"Ihre Ferien in einem authentischen Maiens\u00e4ss | Alph\u00fctte im Jahre 1911 gebaut. Heimkehr und Heilung mit Blick auf eine der sch\u00f6nsten Aussicht in die Alpen.","robots":{"index":"index","follow":"follow","max-snippet":"max-snippet:-1","max-image-preview":"max-image-preview:large","max-video-preview":"max-video-preview:-1"},"canonical":"https:\/\/mayen-evolene.net\/de\/zugang-adlernest-mayensaess-zu-mietein-in-wallis-ferien-in-alphuette\/","og_locale":"de_DE","og_type":"article","og_title":"Zugang | Adlernest | Mayens\u00e4ss zu mietein in Wallis | Ferien in Alph\u00fctte","og_description":"Ihre Ferien in einem authentischen Maiens\u00e4ss | Alph\u00fctte im Jahre 1911 gebaut. Heimkehr und Heilung mit Blick auf eine der sch\u00f6nsten Aussicht in die Alpen.","og_url":"https:\/\/mayen-evolene.net\/de\/zugang-adlernest-mayensaess-zu-mietein-in-wallis-ferien-in-alphuette\/","og_site_name":"Chalet Nid dAigle \u00a6 Mayen \u00e0 louer en Valais \u00a6 Mazot Evol\u00e8ne H\u00e9rens Suisse","article_modified_time":"2019-09-16T09:28:22+00:00","og_image":[{"width":1024,"height":251,"url":"https:\/\/mayen-evolene.net\/wp-content\/uploads\/2019\/09\/Chalet_Nid_d_Aigle_Volovron_le_peyo-1024x251.jpg","type":"image\/jpeg"}],"twitter_card":"summary_large_image","twitter_misc":{"Gesch\u00e4tzte Lesezeit":"1\u00a0Minute"},"schema":{"@context":"https:\/\/schema.org","@graph":[{"@type":"WebPage","@id":"https:\/\/mayen-evolene.net\/de\/zugang-adlernest-mayensaess-zu-mietein-in-wallis-ferien-in-alphuette\/","url":"https:\/\/mayen-evolene.net\/de\/zugang-adlernest-mayensaess-zu-mietein-in-wallis-ferien-in-alphuette\/","name":"Zugang | Adlernest | Mayens\u00e4ss zu mietein in Wallis | Ferien in Alph\u00fctte","isPartOf":{"@id":"https:\/\/mayen-evolene.net\/de\/#website"},"primaryImageOfPage":{"@id":"https:\/\/mayen-evolene.net\/de\/zugang-adlernest-mayensaess-zu-mietein-in-wallis-ferien-in-alphuette\/#primaryimage"},"image":{"@id":"https:\/\/mayen-evolene.net\/de\/zugang-adlernest-mayensaess-zu-mietein-in-wallis-ferien-in-alphuette\/#primaryimage"},"thumbnailUrl":"https:\/\/mayen-evolene.net\/wp-content\/uploads\/2019\/09\/Chalet_Nid_d_Aigle_Volovron_le_peyo.jpg","datePublished":"2019-09-08T16:29:13+00:00","dateModified":"2019-09-16T09:28:22+00:00","description":"Ihre Ferien in einem authentischen Maiens\u00e4ss | Alph\u00fctte im Jahre 1911 gebaut. Heimkehr und Heilung mit Blick auf eine der sch\u00f6nsten Aussicht in die Alpen.","breadcrumb":{"@id":"https:\/\/mayen-evolene.net\/de\/zugang-adlernest-mayensaess-zu-mietein-in-wallis-ferien-in-alphuette\/#breadcrumb"},"inLanguage":"de","potentialAction":[{"@type":"ReadAction","target":["https:\/\/mayen-evolene.net\/de\/zugang-adlernest-mayensaess-zu-mietein-in-wallis-ferien-in-alphuette\/"]}]},{"@type":"ImageObject","inLanguage":"de","@id":"https:\/\/mayen-evolene.net\/de\/zugang-adlernest-mayensaess-zu-mietein-in-wallis-ferien-in-alphuette\/#primaryimage","url":"https:\/\/mayen-evolene.net\/wp-content\/uploads\/2019\/09\/Chalet_Nid_d_Aigle_Volovron_le_peyo.jpg","contentUrl":"https:\/\/mayen-evolene.net\/wp-content\/uploads\/2019\/09\/Chalet_Nid_d_Aigle_Volovron_le_peyo.jpg","width":4432,"height":1088,"caption":"Hut \/ Chalet Eagle\u2019s Nest (Evol\u00e8ne,Valais,Switzerland) - mountain cabin to rent in the swiss Alps"},{"@type":"BreadcrumbList","@id":"https:\/\/mayen-evolene.net\/de\/zugang-adlernest-mayensaess-zu-mietein-in-wallis-ferien-in-alphuette\/#breadcrumb","itemListElement":[{"@type":"ListItem","position":1,"name":"Accueil","item":"https:\/\/mayen-evolene.net\/de\/"},{"@type":"ListItem","position":2,"name":"Zugang"}]},{"@type":"WebSite","@id":"https:\/\/mayen-evolene.net\/de\/#website","url":"https:\/\/mayen-evolene.net\/de\/","name":"Chalet Nid dAigle \u00a6 Mayen \u00e0 louer en Valais \u00a6 Mazot Evol\u00e8ne H\u00e9rens Suisse","description":"","potentialAction":[{"@type":"SearchAction","target":{"@type":"EntryPoint","urlTemplate":"https:\/\/mayen-evolene.net\/de\/?s={search_term_string}"},"query-input":{"@type":"PropertyValueSpecification","valueRequired":true,"valueName":"search_term_string"}}],"inLanguage":"de"}]}},"_links":{"self":[{"href":"https:\/\/mayen-evolene.net\/de\/wp-json\/wp\/v2\/pages\/472","targetHints":{"allow":["GET"]}}],"collection":[{"href":"https:\/\/mayen-evolene.net\/de\/wp-json\/wp\/v2\/pages"}],"about":[{"href":"https:\/\/mayen-evolene.net\/de\/wp-json\/wp\/v2\/types\/page"}],"author":[{"embeddable":true,"href":"https:\/\/mayen-evolene.net\/de\/wp-json\/wp\/v2\/users\/1"}],"replies":[{"embeddable":true,"href":"https:\/\/mayen-evolene.net\/de\/wp-json\/wp\/v2\/comments?post=472"}],"version-history":[{"count":1,"href":"https:\/\/mayen-evolene.net\/de\/wp-json\/wp\/v2\/pages\/472\/revisions"}],"predecessor-version":[{"id":474,"href":"https:\/\/mayen-evolene.net\/de\/wp-json\/wp\/v2\/pages\/472\/revisions\/474"}],"wp:featuredmedia":[{"embeddable":true,"href":"https:\/\/mayen-evolene.net\/de\/wp-json\/wp\/v2\/media\/426"}],"wp:attachment":[{"href":"https:\/\/mayen-evolene.net\/de\/wp-json\/wp\/v2\/media?parent=472"}],"curies":[{"name":"wp","href":"https:\/\/api.w.org\/{rel}","templated":true}]}}