{"id":480,"date":"2019-09-09T15:36:03","date_gmt":"2019-09-09T13:36:03","guid":{"rendered":"https:\/\/mayen-evolene.net\/?page_id=480"},"modified":"2019-09-16T11:26:18","modified_gmt":"2019-09-16T09:26:18","slug":"angebote-adlernest-mayensaess-zu-mietein-in-wallis-ferien-in-alphuette","status":"publish","type":"page","link":"https:\/\/mayen-evolene.net\/de\/angebote-adlernest-mayensaess-zu-mietein-in-wallis-ferien-in-alphuette\/","title":{"rendered":"Angebote"},"content":{"rendered":"<h1>Langzeitrabatt<\/h1>\n<p>Ausser Juli &amp; August<br \/>\n2 Wochen Miete -10%<br \/>\n3 Wochen Miete -15%<br \/>\n4 Wochen Miete -20%<\/p>\n","protected":false},"excerpt":{"rendered":"<p>Langzeitrabatt Ausser Juli &amp; August 2 Wochen Miete -10% 3 Wochen Miete -15% 4 Wochen Miete -20%<\/p>\n","protected":false},"author":1,"featured_media":0,"parent":0,"menu_order":0,"comment_status":"closed","ping_status":"closed","template":"","meta":{"footnotes":""},"class_list":["post-480","page","type-page","status-publish","hentry"],"yoast_head":"<!-- This site is optimized with the Yoast SEO plugin v27.3 - https:\/\/yoast.com\/product\/yoast-seo-wordpress\/ -->\n<title>Angebote | Adlernest | Mayens\u00e4ss zu mietein in Wallis | Ferien in Alph\u00fctte<\/title>\n<meta name=\"description\" content=\"Ihre Ferien in einem authentischen Maiens\u00e4ss | Alph\u00fctte im Jahre 1911 gebaut. Heimkehr und Heilung mit Blick auf eine der sch\u00f6nsten Aussicht in die Alpen.\" \/>\n<meta name=\"robots\" content=\"index, follow, max-snippet:-1, max-image-preview:large, max-video-preview:-1\" \/>\n<link rel=\"canonical\" href=\"https:\/\/mayen-evolene.net\/de\/angebote-adlernest-mayensaess-zu-mietein-in-wallis-ferien-in-alphuette\/\" \/>\n<meta property=\"og:locale\" content=\"de_DE\" \/>\n<meta property=\"og:type\" content=\"article\" \/>\n<meta property=\"og:title\" content=\"Angebote | Adlernest | Mayens\u00e4ss zu mietein in Wallis | Ferien in Alph\u00fctte\" \/>\n<meta property=\"og:description\" content=\"Ihre Ferien in einem authentischen Maiens\u00e4ss | Alph\u00fctte im Jahre 1911 gebaut. Heimkehr und Heilung mit Blick auf eine der sch\u00f6nsten Aussicht in die Alpen.\" \/>\n<meta property=\"og:url\" content=\"https:\/\/mayen-evolene.net\/de\/angebote-adlernest-mayensaess-zu-mietein-in-wallis-ferien-in-alphuette\/\" \/>\n<meta property=\"og:site_name\" content=\"Chalet Nid dAigle \u00a6 Mayen \u00e0 louer en Valais \u00a6 Mazot Evol\u00e8ne H\u00e9rens Suisse\" \/>\n<meta property=\"article:modified_time\" content=\"2019-09-16T09:26:18+00:00\" \/>\n<meta name=\"twitter:card\" content=\"summary_large_image\" \/>\n<script type=\"application\/ld+json\" class=\"yoast-schema-graph\">{\"@context\":\"https:\\\/\\\/schema.org\",\"@graph\":[{\"@type\":\"WebPage\",\"@id\":\"https:\\\/\\\/mayen-evolene.net\\\/de\\\/angebote-adlernest-mayensaess-zu-mietein-in-wallis-ferien-in-alphuette\\\/\",\"url\":\"https:\\\/\\\/mayen-evolene.net\\\/de\\\/angebote-adlernest-mayensaess-zu-mietein-in-wallis-ferien-in-alphuette\\\/\",\"name\":\"Angebote | Adlernest | Mayens\u00e4ss zu mietein in Wallis | Ferien in Alph\u00fctte\",\"isPartOf\":{\"@id\":\"https:\\\/\\\/mayen-evolene.net\\\/de\\\/#website\"},\"datePublished\":\"2019-09-09T13:36:03+00:00\",\"dateModified\":\"2019-09-16T09:26:18+00:00\",\"description\":\"Ihre Ferien in einem authentischen Maiens\u00e4ss | Alph\u00fctte im Jahre 1911 gebaut. Heimkehr und Heilung mit Blick auf eine der sch\u00f6nsten Aussicht in die Alpen.\",\"breadcrumb\":{\"@id\":\"https:\\\/\\\/mayen-evolene.net\\\/de\\\/angebote-adlernest-mayensaess-zu-mietein-in-wallis-ferien-in-alphuette\\\/#breadcrumb\"},\"inLanguage\":\"de\",\"potentialAction\":[{\"@type\":\"ReadAction\",\"target\":[\"https:\\\/\\\/mayen-evolene.net\\\/de\\\/angebote-adlernest-mayensaess-zu-mietein-in-wallis-ferien-in-alphuette\\\/\"]}]},{\"@type\":\"BreadcrumbList\",\"@id\":\"https:\\\/\\\/mayen-evolene.net\\\/de\\\/angebote-adlernest-mayensaess-zu-mietein-in-wallis-ferien-in-alphuette\\\/#breadcrumb\",\"itemListElement\":[{\"@type\":\"ListItem\",\"position\":1,\"name\":\"Accueil\",\"item\":\"https:\\\/\\\/mayen-evolene.net\\\/de\\\/\"},{\"@type\":\"ListItem\",\"position\":2,\"name\":\"Angebote\"}]},{\"@type\":\"WebSite\",\"@id\":\"https:\\\/\\\/mayen-evolene.net\\\/de\\\/#website\",\"url\":\"https:\\\/\\\/mayen-evolene.net\\\/de\\\/\",\"name\":\"Chalet Nid dAigle \u00a6 Mayen \u00e0 louer en Valais \u00a6 Mazot Evol\u00e8ne H\u00e9rens Suisse\",\"description\":\"\",\"potentialAction\":[{\"@type\":\"SearchAction\",\"target\":{\"@type\":\"EntryPoint\",\"urlTemplate\":\"https:\\\/\\\/mayen-evolene.net\\\/de\\\/?s={search_term_string}\"},\"query-input\":{\"@type\":\"PropertyValueSpecification\",\"valueRequired\":true,\"valueName\":\"search_term_string\"}}],\"inLanguage\":\"de\"}]}<\/script>\n<!-- \/ Yoast SEO plugin. -->","yoast_head_json":{"title":"Angebote | Adlernest | Mayens\u00e4ss zu mietein in Wallis | Ferien in Alph\u00fctte","description":"Ihre Ferien in einem authentischen Maiens\u00e4ss | Alph\u00fctte im Jahre 1911 gebaut. Heimkehr und Heilung mit Blick auf eine der sch\u00f6nsten Aussicht in die Alpen.","robots":{"index":"index","follow":"follow","max-snippet":"max-snippet:-1","max-image-preview":"max-image-preview:large","max-video-preview":"max-video-preview:-1"},"canonical":"https:\/\/mayen-evolene.net\/de\/angebote-adlernest-mayensaess-zu-mietein-in-wallis-ferien-in-alphuette\/","og_locale":"de_DE","og_type":"article","og_title":"Angebote | Adlernest | Mayens\u00e4ss zu mietein in Wallis | Ferien in Alph\u00fctte","og_description":"Ihre Ferien in einem authentischen Maiens\u00e4ss | Alph\u00fctte im Jahre 1911 gebaut. Heimkehr und Heilung mit Blick auf eine der sch\u00f6nsten Aussicht in die Alpen.","og_url":"https:\/\/mayen-evolene.net\/de\/angebote-adlernest-mayensaess-zu-mietein-in-wallis-ferien-in-alphuette\/","og_site_name":"Chalet Nid dAigle \u00a6 Mayen \u00e0 louer en Valais \u00a6 Mazot Evol\u00e8ne H\u00e9rens Suisse","article_modified_time":"2019-09-16T09:26:18+00:00","twitter_card":"summary_large_image","schema":{"@context":"https:\/\/schema.org","@graph":[{"@type":"WebPage","@id":"https:\/\/mayen-evolene.net\/de\/angebote-adlernest-mayensaess-zu-mietein-in-wallis-ferien-in-alphuette\/","url":"https:\/\/mayen-evolene.net\/de\/angebote-adlernest-mayensaess-zu-mietein-in-wallis-ferien-in-alphuette\/","name":"Angebote | Adlernest | Mayens\u00e4ss zu mietein in Wallis | Ferien in Alph\u00fctte","isPartOf":{"@id":"https:\/\/mayen-evolene.net\/de\/#website"},"datePublished":"2019-09-09T13:36:03+00:00","dateModified":"2019-09-16T09:26:18+00:00","description":"Ihre Ferien in einem authentischen Maiens\u00e4ss | Alph\u00fctte im Jahre 1911 gebaut. Heimkehr und Heilung mit Blick auf eine der sch\u00f6nsten Aussicht in die Alpen.","breadcrumb":{"@id":"https:\/\/mayen-evolene.net\/de\/angebote-adlernest-mayensaess-zu-mietein-in-wallis-ferien-in-alphuette\/#breadcrumb"},"inLanguage":"de","potentialAction":[{"@type":"ReadAction","target":["https:\/\/mayen-evolene.net\/de\/angebote-adlernest-mayensaess-zu-mietein-in-wallis-ferien-in-alphuette\/"]}]},{"@type":"BreadcrumbList","@id":"https:\/\/mayen-evolene.net\/de\/angebote-adlernest-mayensaess-zu-mietein-in-wallis-ferien-in-alphuette\/#breadcrumb","itemListElement":[{"@type":"ListItem","position":1,"name":"Accueil","item":"https:\/\/mayen-evolene.net\/de\/"},{"@type":"ListItem","position":2,"name":"Angebote"}]},{"@type":"WebSite","@id":"https:\/\/mayen-evolene.net\/de\/#website","url":"https:\/\/mayen-evolene.net\/de\/","name":"Chalet Nid dAigle \u00a6 Mayen \u00e0 louer en Valais \u00a6 Mazot Evol\u00e8ne H\u00e9rens Suisse","description":"","potentialAction":[{"@type":"SearchAction","target":{"@type":"EntryPoint","urlTemplate":"https:\/\/mayen-evolene.net\/de\/?s={search_term_string}"},"query-input":{"@type":"PropertyValueSpecification","valueRequired":true,"valueName":"search_term_string"}}],"inLanguage":"de"}]}},"_links":{"self":[{"href":"https:\/\/mayen-evolene.net\/de\/wp-json\/wp\/v2\/pages\/480","targetHints":{"allow":["GET"]}}],"collection":[{"href":"https:\/\/mayen-evolene.net\/de\/wp-json\/wp\/v2\/pages"}],"about":[{"href":"https:\/\/mayen-evolene.net\/de\/wp-json\/wp\/v2\/types\/page"}],"author":[{"embeddable":true,"href":"https:\/\/mayen-evolene.net\/de\/wp-json\/wp\/v2\/users\/1"}],"replies":[{"embeddable":true,"href":"https:\/\/mayen-evolene.net\/de\/wp-json\/wp\/v2\/comments?post=480"}],"version-history":[{"count":2,"href":"https:\/\/mayen-evolene.net\/de\/wp-json\/wp\/v2\/pages\/480\/revisions"}],"predecessor-version":[{"id":488,"href":"https:\/\/mayen-evolene.net\/de\/wp-json\/wp\/v2\/pages\/480\/revisions\/488"}],"wp:attachment":[{"href":"https:\/\/mayen-evolene.net\/de\/wp-json\/wp\/v2\/media?parent=480"}],"curies":[{"name":"wp","href":"https:\/\/api.w.org\/{rel}","templated":true}]}}